{"id":9,"date":"2007-11-27T20:40:17","date_gmt":"2007-11-27T11:40:17","guid":{"rendered":"http:\/\/palmu.st\/fi\/?page_id=9"},"modified":"2007-11-27T20:40:17","modified_gmt":"2007-11-27T11:40:17","slug":"lahetystyo-2","status":"publish","type":"page","link":"https:\/\/palmu.st\/fi\/?page_id=9","title":{"rendered":"L\u00e4hetysty\u00f6"},"content":{"rendered":"<p>Kristillisen kirkon syntymisest\u00e4 l\u00e4htien on ymm\u00e4rretty, ett\u00e4 sen  varsinainen teht\u00e4v\u00e4 on levitt\u00e4\u00e4 kaikkialle sanomaa Jumalan anteeksiantavasta  rakkaudesta. L\u00e4hetysty\u00f6 on sit\u00e4, ett\u00e4 sanomaa levitet\u00e4\u00e4n niiden keskuuteen,  jotka eiv\u00e4t ole sit\u00e4 aikaisemmin kuulleet.<\/p>\n","protected":false},"excerpt":{"rendered":"<p>Kristillisen kirkon syntymisest\u00e4 l\u00e4htien on ymm\u00e4rretty, ett\u00e4 sen varsinainen teht\u00e4v\u00e4 on levitt\u00e4\u00e4 kaikkialle sanomaa Jumalan anteeksiantavasta rakkaudesta. L\u00e4hetysty\u00f6 on sit\u00e4, ett\u00e4 sanomaa levitet\u00e4\u00e4n niiden keskuuteen, jotka eiv\u00e4t ole sit\u00e4 aikaisemmin kuulleet.<\/p>\n","protected":false},"author":1,"featured_media":0,"parent":0,"menu_order":0,"comment_status":"closed","ping_status":"open","template":"","meta":{"footnotes":""},"class_list":["post-9","page","type-page","status-publish","hentry"],"_links":{"self":[{"href":"https:\/\/palmu.st\/fi\/index.php?rest_route=\/wp\/v2\/pages\/9","targetHints":{"allow":["GET"]}}],"collection":[{"href":"https:\/\/palmu.st\/fi\/index.php?rest_route=\/wp\/v2\/pages"}],"about":[{"href":"https:\/\/palmu.st\/fi\/index.php?rest_route=\/wp\/v2\/types\/page"}],"author":[{"embeddable":true,"href":"https:\/\/palmu.st\/fi\/index.php?rest_route=\/wp\/v2\/users\/1"}],"replies":[{"embeddable":true,"href":"https:\/\/palmu.st\/fi\/index.php?rest_route=%2Fwp%2Fv2%2Fcomments&post=9"}],"version-history":[{"count":0,"href":"https:\/\/palmu.st\/fi\/index.php?rest_route=\/wp\/v2\/pages\/9\/revisions"}],"wp:attachment":[{"href":"https:\/\/palmu.st\/fi\/index.php?rest_route=%2Fwp%2Fv2%2Fmedia&parent=9"}],"curies":[{"name":"wp","href":"https:\/\/api.w.org\/{rel}","templated":true}]}}