{"id":748,"date":"2023-02-13T16:14:12","date_gmt":"2023-02-13T07:14:12","guid":{"rendered":"http:\/\/palmu.st\/fi\/?page_id=748"},"modified":"2023-03-03T19:18:40","modified_gmt":"2023-03-03T10:18:40","slug":"tue-tyotamme","status":"publish","type":"page","link":"https:\/\/palmu.st\/fi\/?page_id=748","title":{"rendered":"Tue ty\u00f6t\u00e4mme"},"content":{"rendered":"\n<p>KIITOS\u00a0tuestasi l\u00e4hetysty\u00f6lle! Tarvitsemme erityisesti rukoustukea. L\u00e4hetysty\u00f6ss\u00e4 tarvitaan my\u00f6s taloudellista tukea!<\/p>\n\n\n\n<figure class=\"wp-block-image size-large\"><a href=\"https:\/\/www.mobilepay.fi\/yrityksille\/maksulinkki\/maksulinkki-vastaus?phone=44695&amp;comment=Palmut%20Japanissa&amp;lock=1\" target=\"_blank\" rel=\"noreferrer noopener\"><img loading=\"lazy\" decoding=\"async\" width=\"1024\" height=\"512\" src=\"https:\/\/palmu.st\/fi\/wp-content\/uploads\/2023\/03\/lahjoita-mobilepay-palmut44695-1024x512.png\" alt=\"\" class=\"wp-image-760\" srcset=\"https:\/\/palmu.st\/fi\/wp-content\/uploads\/2023\/03\/lahjoita-mobilepay-palmut44695-1024x512.png 1024w, https:\/\/palmu.st\/fi\/wp-content\/uploads\/2023\/03\/lahjoita-mobilepay-palmut44695-300x150.png 300w, https:\/\/palmu.st\/fi\/wp-content\/uploads\/2023\/03\/lahjoita-mobilepay-palmut44695-768x384.png 768w, https:\/\/palmu.st\/fi\/wp-content\/uploads\/2023\/03\/lahjoita-mobilepay-palmut44695-1536x768.png 1536w, https:\/\/palmu.st\/fi\/wp-content\/uploads\/2023\/03\/lahjoita-mobilepay-palmut44695-2048x1024.png 2048w, https:\/\/palmu.st\/fi\/wp-content\/uploads\/2023\/03\/lahjoita-mobilepay-palmut44695-500x250.png 500w\" sizes=\"auto, (max-width: 1024px) 100vw, 1024px\" \/><\/a><\/figure>\n\n\n\n<h3 class=\"wp-block-heading\">Rahanker\u00e4yslupa 1.1.2022 alkaen<\/h3>\n\n\n\n<p>Luvan saaja: Suomen Evankelisluterilainen Kansanl\u00e4hetys ry (0215273-7)<br>Rahanker\u00e4ysluvan my\u00f6nt\u00e4j\u00e4: Poliisihallitus<br>Luvan numero: RA\/2021\/1202<br>My\u00f6nt\u00e4misajankohta: 24.09.2021<\/p>\n\n\n\n<p>Rahanker\u00e4yslupa nro. RA\/2021\/1202, voimassa 1.1.2022 alkaen toistaiseksi koko Suomessa Ahvenanmaata lukuun ottamatta.<\/p>\n\n\n\n<p>Tarkempaa tietoa Kansanl\u00e4hetyksen <a href=\"https:\/\/kansanlahetys.fi\/maksuinfo\/\" target=\"_blank\" rel=\"noreferrer noopener\">ker\u00e4ysluvasta<\/a>.<\/p>\n","protected":false},"excerpt":{"rendered":"<p>KIITOS\u00a0tuestasi l\u00e4hetysty\u00f6lle! Tarvitsemme erityisesti rukoustukea. L\u00e4hetysty\u00f6ss\u00e4 tarvitaan my\u00f6s taloudellista tukea! Rahanker\u00e4yslupa 1.1.2022 alkaen Luvan saaja: Suomen Evankelisluterilainen Kansanl\u00e4hetys ry (0215273-7)Rahanker\u00e4ysluvan my\u00f6nt\u00e4j\u00e4: PoliisihallitusLuvan numero: RA\/2021\/1202My\u00f6nt\u00e4misajankohta: 24.09.2021 Rahanker\u00e4yslupa nro. RA\/2021\/1202, voimassa 1.1.2022 alkaen toistaiseksi koko Suomessa Ahvenanmaata lukuun ottamatta. Tarkempaa tietoa Kansanl\u00e4hetyksen &hellip; <a href=\"https:\/\/palmu.st\/fi\/?page_id=748\">Lue loppuun <span class=\"meta-nav\">&rarr;<\/span><\/a><\/p>\n","protected":false},"author":1,"featured_media":0,"parent":9,"menu_order":5,"comment_status":"closed","ping_status":"closed","template":"","meta":{"footnotes":""},"class_list":["post-748","page","type-page","status-publish","hentry"],"_links":{"self":[{"href":"https:\/\/palmu.st\/fi\/index.php?rest_route=\/wp\/v2\/pages\/748","targetHints":{"allow":["GET"]}}],"collection":[{"href":"https:\/\/palmu.st\/fi\/index.php?rest_route=\/wp\/v2\/pages"}],"about":[{"href":"https:\/\/palmu.st\/fi\/index.php?rest_route=\/wp\/v2\/types\/page"}],"author":[{"embeddable":true,"href":"https:\/\/palmu.st\/fi\/index.php?rest_route=\/wp\/v2\/users\/1"}],"replies":[{"embeddable":true,"href":"https:\/\/palmu.st\/fi\/index.php?rest_route=%2Fwp%2Fv2%2Fcomments&post=748"}],"version-history":[{"count":6,"href":"https:\/\/palmu.st\/fi\/index.php?rest_route=\/wp\/v2\/pages\/748\/revisions"}],"predecessor-version":[{"id":762,"href":"https:\/\/palmu.st\/fi\/index.php?rest_route=\/wp\/v2\/pages\/748\/revisions\/762"}],"up":[{"embeddable":true,"href":"https:\/\/palmu.st\/fi\/index.php?rest_route=\/wp\/v2\/pages\/9"}],"wp:attachment":[{"href":"https:\/\/palmu.st\/fi\/index.php?rest_route=%2Fwp%2Fv2%2Fmedia&parent=748"}],"curies":[{"name":"wp","href":"https:\/\/api.w.org\/{rel}","templated":true}]}}