{"id":35,"date":"2007-12-02T17:12:52","date_gmt":"2007-12-02T08:12:52","guid":{"rendered":"http:\/\/palmu.st\/fi\/?page_id=35"},"modified":"2015-06-06T04:00:30","modified_gmt":"2015-06-05T19:00:30","slug":"kala-symboli","status":"publish","type":"page","link":"https:\/\/palmu.st\/fi\/?page_id=35","title":{"rendered":"Kala"},"content":{"rendered":"<div style=\"width: 92px\" class=\"wp-caption alignright\"><a href=\"http:\/\/fi.wikipedia.org\/wiki\/Iktys\" target=\"_blank\"><img loading=\"lazy\" decoding=\"async\" class=\"\" src=\"http:\/\/upload.wikimedia.org\/wikipedia\/commons\/8\/85\/Ichthus.svg\" alt=\"\u0399\u03a7\u0398\u03a5\u03a3\" width=\"82\" height=\"41\" \/><\/a><p class=\"wp-caption-text\">Iktys-akronyymi<\/p><\/div>\n<p><strong>Mit\u00e4 KALA-symboli tarkoittaa?<\/strong><\/p>\n<p>Kala-symboli on varhainen kristillinen symboli, joka tarkoitti Jeesusta ja sit\u00e4 k\u00e4ytettiin 200-400-luvuilla jKr.<\/p>\n<p><strong>Mit\u00e4 se merkitsee kristityille?<\/strong><\/p>\n<p>Monessa Raamatun kertomuksessa kala oli keskeisesti mukana Jeesuksen toiminnassa. Tunnetussa kertomuksessa (Matteus 14:19) Jeesus ruokki viisi tuhatta ihmist\u00e4 5 leiv\u00e4ll\u00e4 ja 2 kalalla. Toisessa kertomuksessa (Matteus 4:19) Jeesus kutsui Pietaria ja Andreasta: &#8221;L\u00e4htek\u00e4\u00e4 minun mukaani. Min\u00e4 teen teist\u00e4 ihmisten kalastajia.&#8221;<\/p>\n<p>Varhaiskristittyj\u00e4 vainottiin uskonsa t\u00e4hden ja heid\u00e4n piti harjoittaa uskontoaan salassa. Kala-symbolin k\u00e4ytt\u00f6 oli usein\u00a0 salainen viestimismuoto. Vainotut kristityt saattoivat piirt\u00e4\u00e4 kala-symbolin maahan paljastaakseen itsens\u00e4 muille kristityille.<\/p>\n<p>Pian kristityt antoivat merkityksen itse sanalle &#8221;kala&#8221;. Kreikan kielen kirjaimet \u0399\u03a7\u0398\u03a5\u03a3 muodostivat akronyymin:<\/p>\n<p><strong>\u038a<\/strong>\u03b7\u03c3\u03bf\u1fe6\u03c2 <strong>\u03a7<\/strong>\u03c1\u03b9\u03c3\u03c4\u03cc\u03c2, <strong>\u0398<\/strong>\u03b5\u03bf\u1fe6 <strong>\u03a5<\/strong>\u1f31\u03cc\u03c2, <strong>\u03a3<\/strong>\u03c9\u03c4\u03ae\u03c1 (Jeesus Kristus, Jumalan Poika, Pelastaja)<\/p>\n<p>T\u00e4n\u00e4\u00e4n henkil\u00f6, joka esitt\u00e4\u00e4 kala-symbolin tunnustaa varhaiskristittyjen tavoin: Jeesus Kristus kuoli minunkin syntieni puolesta. H\u00e4n tiet\u00e4\u00e4 pelastuvansa &#8221;yksin Jumalan armosta, yksin Kristuksen t\u00e4hden, yksin uskon kautta&#8221;.<\/p>\n","protected":false},"excerpt":{"rendered":"<p>Mit\u00e4 KALA-symboli tarkoittaa? Kala-symboli on varhainen kristillinen symboli, joka tarkoitti Jeesusta ja sit\u00e4 k\u00e4ytettiin 200-400-luvuilla jKr. Mit\u00e4 se merkitsee kristityille? Monessa Raamatun kertomuksessa kala oli keskeisesti mukana Jeesuksen toiminnassa. Tunnetussa kertomuksessa (Matteus 14:19) Jeesus ruokki viisi tuhatta ihmist\u00e4 5 leiv\u00e4ll\u00e4 &hellip; <a href=\"https:\/\/palmu.st\/fi\/?page_id=35\">Lue loppuun <span class=\"meta-nav\">&rarr;<\/span><\/a><\/p>\n","protected":false},"author":1,"featured_media":0,"parent":0,"menu_order":3,"comment_status":"closed","ping_status":"open","template":"","meta":{"footnotes":""},"class_list":["post-35","page","type-page","status-publish","hentry"],"_links":{"self":[{"href":"https:\/\/palmu.st\/fi\/index.php?rest_route=\/wp\/v2\/pages\/35","targetHints":{"allow":["GET"]}}],"collection":[{"href":"https:\/\/palmu.st\/fi\/index.php?rest_route=\/wp\/v2\/pages"}],"about":[{"href":"https:\/\/palmu.st\/fi\/index.php?rest_route=\/wp\/v2\/types\/page"}],"author":[{"embeddable":true,"href":"https:\/\/palmu.st\/fi\/index.php?rest_route=\/wp\/v2\/users\/1"}],"replies":[{"embeddable":true,"href":"https:\/\/palmu.st\/fi\/index.php?rest_route=%2Fwp%2Fv2%2Fcomments&post=35"}],"version-history":[{"count":2,"href":"https:\/\/palmu.st\/fi\/index.php?rest_route=\/wp\/v2\/pages\/35\/revisions"}],"predecessor-version":[{"id":323,"href":"https:\/\/palmu.st\/fi\/index.php?rest_route=\/wp\/v2\/pages\/35\/revisions\/323"}],"wp:attachment":[{"href":"https:\/\/palmu.st\/fi\/index.php?rest_route=%2Fwp%2Fv2%2Fmedia&parent=35"}],"curies":[{"name":"wp","href":"https:\/\/api.w.org\/{rel}","templated":true}]}}