{"id":2,"date":"2006-07-31T14:39:23","date_gmt":"2006-07-31T19:39:23","guid":{"rendered":""},"modified":"2024-04-20T18:26:53","modified_gmt":"2024-04-20T09:26:53","slug":"about","status":"publish","type":"page","link":"https:\/\/palmu.st\/fi\/?page_id=2","title":{"rendered":"Ketk\u00e4 Palmut?"},"content":{"rendered":"<p><strong>Lauri ja Asako Palmu<\/strong><\/p>\n<p>L\u00e4hetyslapset Asako (s. Pihkala) ja Lauri ovat viett\u00e4neet lapsuutensa l\u00e4hetyskentill\u00e4; Asako Japanissa ja Lauri Etiopiassa.<\/p>\n<p>Toimimme Japanissa <a title=\"Suomen kirkko\" href=\"http:\/\/www.evl.fi\/\" target=\"_blank\" rel=\"noopener\">Suomen ev.lut. kirkon<\/a> l\u00e4hetysty\u00f6ntekij\u00f6in\u00e4, <a title=\"Kansanl\u00e4hetys\" href=\"http:\/\/www.sekl.fi\/\" target=\"_blank\" rel=\"noopener\">Kansanl\u00e4hetyksen<\/a> palveluksessa. L\u00e4hdimme\u00a0Japaniin ensimm\u00e4iselle ty\u00f6kaudellemme syyskuussa 2005.<\/p>\n","protected":false},"excerpt":{"rendered":"<p>Lauri ja Asako Palmu L\u00e4hetyslapset Asako (s. Pihkala) ja Lauri ovat viett\u00e4neet lapsuutensa l\u00e4hetyskentill\u00e4; Asako Japanissa ja Lauri Etiopiassa. Toimimme Japanissa Suomen ev.lut. kirkon l\u00e4hetysty\u00f6ntekij\u00f6in\u00e4, Kansanl\u00e4hetyksen palveluksessa. L\u00e4hdimme\u00a0Japaniin ensimm\u00e4iselle ty\u00f6kaudellemme syyskuussa 2005.<\/p>\n","protected":false},"author":1,"featured_media":0,"parent":0,"menu_order":0,"comment_status":"closed","ping_status":"open","template":"","meta":{"footnotes":""},"class_list":["post-2","page","type-page","status-publish","hentry"],"_links":{"self":[{"href":"https:\/\/palmu.st\/fi\/index.php?rest_route=\/wp\/v2\/pages\/2","targetHints":{"allow":["GET"]}}],"collection":[{"href":"https:\/\/palmu.st\/fi\/index.php?rest_route=\/wp\/v2\/pages"}],"about":[{"href":"https:\/\/palmu.st\/fi\/index.php?rest_route=\/wp\/v2\/types\/page"}],"author":[{"embeddable":true,"href":"https:\/\/palmu.st\/fi\/index.php?rest_route=\/wp\/v2\/users\/1"}],"replies":[{"embeddable":true,"href":"https:\/\/palmu.st\/fi\/index.php?rest_route=%2Fwp%2Fv2%2Fcomments&post=2"}],"version-history":[{"count":10,"href":"https:\/\/palmu.st\/fi\/index.php?rest_route=\/wp\/v2\/pages\/2\/revisions"}],"predecessor-version":[{"id":807,"href":"https:\/\/palmu.st\/fi\/index.php?rest_route=\/wp\/v2\/pages\/2\/revisions\/807"}],"wp:attachment":[{"href":"https:\/\/palmu.st\/fi\/index.php?rest_route=%2Fwp%2Fv2%2Fmedia&parent=2"}],"curies":[{"name":"wp","href":"https:\/\/api.w.org\/{rel}","templated":true}]}}