{"id":11,"date":"2007-11-27T20:46:24","date_gmt":"2007-11-27T11:46:24","guid":{"rendered":"http:\/\/palmu.st\/fi\/?page_id=11"},"modified":"2025-01-06T14:37:51","modified_gmt":"2025-01-06T05:37:51","slug":"taloudellinen-tuki","status":"publish","type":"page","link":"https:\/\/palmu.st\/fi\/?page_id=11","title":{"rendered":"Piirien yhteystiedot"},"content":{"rendered":"<p><a href=\"https:\/\/kansanlahetys.fi\/maksuinfo\/\">Kansanl\u00e4hetyksen lahjoitus- ja ker\u00e4yslupainfo<\/a><\/p>\n<p><a title=\"Helsingin Kansanl\u00e4hetys\" href=\"https:\/\/helsinki.sekl.fi\" target=\"_blank\" rel=\"noopener noreferrer\"><strong>Helsingin Kansanl\u00e4hetys<\/strong><\/a><br \/>\n&#8211; IBAN FI33 8000 1001 5582 47 DABAFIHH<br \/>\n&#8211; Viite <strong>22703<\/strong><br \/>\n<em>Saaja: Helsingin Evankelisluterilainen Kansanl\u00e4hetys ry<br \/>\nMy\u00f6nt\u00e4j\u00e4: Poliisihallitus, RA\/2021\/1730, 20.12.2021<br \/>\nVoimassa: toistaiseksi 1.1.2022 alkaen<br \/>\nKer\u00e4tyt varat k\u00e4ytet\u00e4\u00e4n Helsingin Evankelisluterilaisen Kansanl\u00e4hetyksen toimintakautena opetus-, koulutus- ja nuorisoty\u00f6h\u00f6n p\u00e4\u00e4kaupunkiseudulla sek\u00e4 l\u00e4hetysty\u00f6n tukemiseen Suomen Evankelisluterilaisen Kansanl\u00e4hetyksen kautta.<\/em><\/p>\n<p><a title=\"Pohjois-Savon Kansanl\u00e4hetys\" href=\"https:\/\/kansanlahetys.fi\/pohjois-savo\/\" target=\"_blank\" rel=\"noopener noreferrer\"><strong>Pohjois-Savon Kansanl\u00e4hetys<\/strong><\/a><br \/>\n&#8211; FI09 1078 3000 2019 38<br \/>\n&#8211; Viite <strong>22703<\/strong><br \/>\n<em>Luvan numero RA\/2022\/321<br \/>\nMy\u00f6nnetty aloitusp\u00e4iv\u00e4:<br \/>\n03.03.2022<\/em><\/p>\n<p><a title=\"Etel\u00e4-Savon Kansanl\u00e4hetys\" href=\"https:\/\/e-savo.sekl.fi\" target=\"_blank\" rel=\"noopener noreferrer\"><strong>Etel\u00e4-Savon Kansanl\u00e4hetys<\/strong><\/a><br \/>\n&#8211; FI38 5271 0420 0493 23<br \/>\n&#8211; Viite <strong>22703<\/strong><br \/>\n<em>Luvan my\u00f6nt\u00e4j\u00e4: Poliisihallitus<br \/>\nLupanumero: RA\/2021\/1111<br \/>\nLuvan voimassaoloaika: 6.9.2021 \u2013<br \/>\nKer\u00e4ttyjen varojen k\u00e4ytt\u00f6takoitus: opetus-, lapsi-, nuoriso- ja julistusty\u00f6h\u00f6n Etel\u00e4-Savon maakunnassa. Lis\u00e4ksi toimintaa toteuttavien ty\u00f6ntekij\u00f6iden henkil\u00f6st\u00f6- ja ty\u00f6kuluihin. L\u00e4hetysty\u00f6n tukemiseen Suomen Evankelisluterilaisen Kansanl\u00e4hetys ry:n kautta.<\/em><\/p>\n<p><a title=\"Satakunnan KL\" href=\"http:\/\/uudenmaankl.sekl.fi\/\" target=\"_blank\" rel=\"noopener noreferrer\"><strong><a title=\"Uudenmaan KL\" href=\"https:\/\/satakunta.sekl.fi\" target=\"_blank\" rel=\"noopener noreferrer\">Satakunnan Ev.lut. Kansanl\u00e4hetys<\/a><br \/>\n<\/strong><\/a>&#8211; FI10 5700 0220 0055 91<br \/>\n&#8211; Viite <strong>22703<\/strong><br \/>\n<em>Ker\u00e4ysluvan tiedot 1.1.2021 alkaen toistaiseksi<\/em><br \/>\n<em>Luvan saaja ja k\u00e4yt\u00e4nn\u00f6n toimeenpanija: Satakunnan Ev.lut. Kansanl\u00e4hetys<\/em><br \/>\n<em>Luvan my\u00f6nt\u00e4j\u00e4: Poliisihallitus\/Arpajaishallinto<\/em><br \/>\n<em>Luvan numero: RA\/2020\/849<\/em><\/p>\n<p><a title=\"Uudenmaan KL\" href=\"http:\/\/uudenmaankl.sekl.fi\/\" target=\"_blank\" rel=\"noopener noreferrer\"><strong>Uudenmaan <\/strong><strong>Ev.lut. Kansanl\u00e4hetys<\/strong><\/a><br \/>\n&#8211; FI48 8000 1501 4822 03<br \/>\n&#8211; Viite <strong>22703<\/strong><br \/>\n<em>Poliisihallituksen my\u00f6nt\u00e4m\u00e4 rahanker\u00e4yslupa numero RA\/2020\/613, voimassa 1.1.2021 alkaen. Ker\u00e4ysalue Suomi. Ker\u00e4tyt varat k\u00e4ytet\u00e4\u00e4n opetus-, juniori-, nuoriso- ja julistusty\u00f6h\u00f6n Uudellamaalla, sek\u00e4 L\u00e4hetysty\u00f6h\u00f6n Suomen Ev.lut. Kansanl\u00e4hetyksen kautta.<\/em><\/p>\n<p><strong>Nimikkoseurakunnat<\/strong><br \/>\n&#8211; lista <a href=\"?page_id=10\">t\u00e4ss\u00e4<\/a><\/p>\n<div id=\"_mcePaste\" style=\"position: absolute; left: -10000px; top: 61px; width: 1px; height: 1px; overflow: hidden;\">\n<pre>3PkxPX#NWQEr<\/pre>\n<\/div>\n","protected":false},"excerpt":{"rendered":"<p>Kansanl\u00e4hetyksen lahjoitus- ja ker\u00e4yslupainfo Helsingin Kansanl\u00e4hetys &#8211; IBAN FI33 8000 1001 5582 47 DABAFIHH &#8211; Viite 22703 Saaja: Helsingin Evankelisluterilainen Kansanl\u00e4hetys ry My\u00f6nt\u00e4j\u00e4: Poliisihallitus, RA\/2021\/1730, 20.12.2021 Voimassa: toistaiseksi 1.1.2022 alkaen Ker\u00e4tyt varat k\u00e4ytet\u00e4\u00e4n Helsingin Evankelisluterilaisen Kansanl\u00e4hetyksen toimintakautena opetus-, koulutus- ja &hellip; <a href=\"https:\/\/palmu.st\/fi\/?page_id=11\">Lue loppuun <span class=\"meta-nav\">&rarr;<\/span><\/a><\/p>\n","protected":false},"author":1,"featured_media":0,"parent":9,"menu_order":0,"comment_status":"closed","ping_status":"open","template":"","meta":{"footnotes":""},"class_list":["post-11","page","type-page","status-publish","hentry"],"_links":{"self":[{"href":"https:\/\/palmu.st\/fi\/index.php?rest_route=\/wp\/v2\/pages\/11","targetHints":{"allow":["GET"]}}],"collection":[{"href":"https:\/\/palmu.st\/fi\/index.php?rest_route=\/wp\/v2\/pages"}],"about":[{"href":"https:\/\/palmu.st\/fi\/index.php?rest_route=\/wp\/v2\/types\/page"}],"author":[{"embeddable":true,"href":"https:\/\/palmu.st\/fi\/index.php?rest_route=\/wp\/v2\/users\/1"}],"replies":[{"embeddable":true,"href":"https:\/\/palmu.st\/fi\/index.php?rest_route=%2Fwp%2Fv2%2Fcomments&post=11"}],"version-history":[{"count":32,"href":"https:\/\/palmu.st\/fi\/index.php?rest_route=\/wp\/v2\/pages\/11\/revisions"}],"predecessor-version":[{"id":838,"href":"https:\/\/palmu.st\/fi\/index.php?rest_route=\/wp\/v2\/pages\/11\/revisions\/838"}],"up":[{"embeddable":true,"href":"https:\/\/palmu.st\/fi\/index.php?rest_route=\/wp\/v2\/pages\/9"}],"wp:attachment":[{"href":"https:\/\/palmu.st\/fi\/index.php?rest_route=%2Fwp%2Fv2%2Fmedia&parent=11"}],"curies":[{"name":"wp","href":"https:\/\/api.w.org\/{rel}","templated":true}]}}